{"id":180,"date":"2020-10-29T04:34:35","date_gmt":"2020-10-29T01:34:35","guid":{"rendered":"http:\/\/www.kasirga.net\/?page_id=180"},"modified":"2024-08-05T16:12:14","modified_gmt":"2024-08-05T13:12:14","slug":"iletisim-bilgileri","status":"publish","type":"page","link":"http:\/\/www.kasirga.net\/en\/iletisim-bilgileri\/","title":{"rendered":"Contact Information"},"content":{"rendered":"<div id=\"pl-180\"  class=\"panel-layout\" ><div id=\"pg-180-0\"  class=\"panel-grid panel-no-style\" ><div id=\"pgc-180-0-0\"  class=\"panel-grid-cell\" ><div id=\"panel-180-0-0-0\" class=\"so-panel widget widget_wpgmza_map_widget wpgmza_widget panel-first-child panel-last-child\" data-index=\"0\"><div id=\"wpgmza_map\" class=\"wpgmza_map\" data-settings='{\"id\":\"1\",\"map_title\":\"kasirga\",\"map_width\":\"100\",\"map_height\":\"400\",\"map_start_lat\":\"39.91848410852435\",\"map_start_lng\":\"32.79730304409737\",\"map_start_location\":\"45.950464398418106,-109.81550500000003\",\"map_start_zoom\":\"15\",\"default_marker\":\"\",\"type\":\"0\",\"alignment\":\"4\",\"directions_enabled\":\"0\",\"styling_enabled\":\"0\",\"styling_json\":\"\",\"active\":\"0\",\"kml\":\"\",\"bicycle\":\"0\",\"traffic\":\"0\",\"dbox\":\"0\",\"dbox_width\":\"\",\"listmarkers\":\"0\",\"listmarkers_advanced\":\"0\",\"filterbycat\":\"0\",\"ugm_enabled\":\"0\",\"ugm_category_enabled\":\"0\",\"fusion\":\"\",\"map_width_type\":\"%\",\"map_height_type\":\"px\",\"mass_marker_support\":\"0\",\"ugm_access\":\"0\",\"order_markers_by\":\"0\",\"order_markers_choice\":\"0\",\"show_user_location\":\"0\",\"default_to\":\"\",\"other_settings\":{\"map_type\":1,\"sl_stroke_color\":\"\",\"sl_fill_color\":\"\",\"sl_stroke_opacity\":\"\",\"sl_fill_opacity\":\"\",\"transport_layer\":false,\"action\":\"wpgmza_save_map\",\"redirect_to\":\"\\\/wp-admin\\\/admin-post.php\",\"map_id\":\"1\",\"http_referer\":\"\\\/wp-admin\\\/admin.php?page=wp-google-maps-menu&amp;amp;override=1&amp;amp;action=edit&amp;amp;map_id=1\",\"wpgmza_id\":\"1\",\"wpgmza_start_location\":\"39.91848410852435,32.79730304409737\",\"wpgmza_start_zoom\":\"15\",\"store_locator_enabled\":false,\"store_locator_search_area\":\"radial\",\"wpgmza_store_locator_radius_style\":\"legacy\",\"wpgmza_store_locator_default_radius\":\"10\",\"store_locator_auto_area_max_zoom\":\"\",\"store_locator_distance\":false,\"wpgmza_store_locator_position\":false,\"store_locator_show_distance\":false,\"store_locator_category\":false,\"wpgmza_store_locator_use_their_location\":false,\"wpgmza_store_locator_bounce\":false,\"wpgmza_sl_animation\":null,\"wpgmza_store_locator_hide_before_search\":false,\"store_locator_query_string\":\"\",\"store_locator_default_address\":\"\",\"store_locator_name_search\":false,\"store_locator_name_string\":\"\",\"store_locator_not_found_message\":\"\",\"wpgmza_map_align\":\"1\",\"jump_to_nearest_marker_on_initialization\":false,\"automatically_pan_to_users_location\":false,\"override_users_location_zoom_level\":false,\"override_users_location_zoom_levels\":\"\",\"show_distance_from_location\":false,\"map_max_zoom\":\"21\",\"map_min_zoom\":\"0\",\"click_open_link\":false,\"fit_maps_bounds_to_markers\":false,\"fit_maps_bounds_to_markers_after_filtering\":false,\"hide_point_of_interest\":false,\"wpgmza_zoom_on_marker_click\":false,\"wpgmza_zoom_on_marker_click_slider\":\"\",\"close_infowindow_on_map_click\":false,\"disable_lightbox_images\":false,\"use_Raw_Jpeg_Coordinates\":false,\"disable_polygon_info_windows\":false,\"enable_marker_ratings\":false,\"only_load_markers_within_viewport\":false,\"iw_primary_color\":\"#000000\",\"iw_accent_color\":\"#000000\",\"iw_text_color\":\"#000000\",\"wpgmza_listmarkers_by\":\"0\",\"wpgmza_marker_listing_position\":false,\"zoom_level_on_marker_listing_override\":false,\"zoom_level_on_marker_listing_click\":\"\",\"datatable_no_result_message\":\"\",\"remove_search_box_datables\":false,\"dataTable_pagination_style\":null,\"datatable_search_string\":\"\",\"datatable_result_start\":\"\",\"datatable_result_of\":\"\",\"datatable_result_to\":\"\",\"datatable_result_total\":\"\",\"datatable_result_show\":\"\",\"datatable_result_entries\":\"\",\"wpgmza_savemap\":\"Save Map \\u00bb\"}}' data-map-id='1' data-maps-engine='open-layers' data-shortcode-attributes='{\"id\":\"1\"}' style=\"display:block; overflow:auto; width:100%; height:400px; float:left;\"><\/div><\/div><\/div><\/div><div id=\"pg-180-1\"  class=\"panel-grid panel-no-style\" ><div id=\"pgc-180-1-0\"  class=\"panel-grid-cell\" ><div id=\"panel-180-1-0-0\" class=\"so-panel widget widget_text panel-first-child panel-last-child\" data-index=\"1\" ><h3 class=\"widget-title\">Join Us<\/h3>\t\t\t<div class=\"textwidget\"><p>TOBB ET\u00dc Kas\u0131rga Laboratuvar\u0131\u2019nda yap\u0131lan \u00e7al\u0131\u015fmalarda yer almak ilginizi \u00e7ekiyorsa a\u015fa\u011f\u0131daki formu doldurak bizimle ileti\u015fime ge\u00e7ebilirsiniz.<\/p>\n<p>\u2022 <a href=\"https:\/\/goo.gl\/forms\/bga9R0q5njozlCCq2\">Lisans \u00f6\u011frencileri i\u00e7in<\/a><\/p>\n<p>\u2022\u00a0<a href=\"https:\/\/goo.gl\/forms\/8dTP749fBmeE8iMJ3\">Y\u00fcksek Lisans \/ Doktora \u00f6\u011frencileri i\u00e7in<\/a><\/p>\n<\/div>\n\t\t<\/div><\/div><div id=\"pgc-180-1-1\"  class=\"panel-grid-cell\" ><div id=\"panel-180-1-1-0\" class=\"so-panel widget widget_text panel-first-child panel-last-child\" data-index=\"2\" ><h3 class=\"widget-title\">More Info<\/h3>\t\t\t<div class=\"textwidget\"><p>Kas\u0131rga Microprocessors Lab is located in TOBB ETU, Ankara.<\/p>\n<p><strong>Address:<\/strong><br \/>\nS\u00f6\u011f\u00fct\u00f6z\u00fc Avenue 43, S\u00f6\u011f\u00fct\u00f6z\u00fc,<br \/>\nTechnology Center, 217<br \/>\nAnkara, 06560 Turkey<\/p>\n<p><strong>Phone:<\/strong><br \/>\n(+90 312) 292 4290<\/p>\n<p><strong>Email :<\/strong><\/p>\n<pre>info@kasirga.net<\/pre>\n<\/div>\n\t\t<\/div><\/div><\/div><\/div>","protected":false},"excerpt":{"rendered":"<p>TOBB ET\u00dc Kas\u0131rga Laboratuvar\u0131\u2019nda yap\u0131lan \u00e7al\u0131\u015fmalarda yer almak ilginizi \u00e7ekiyorsa a\u015fa\u011f\u0131daki formu doldurak bizimle ileti\u015fime ge\u00e7ebilirsiniz. \u2022 Lisans \u00f6\u011frencileri i\u00e7in \u2022\u00a0Y\u00fcksek Lisans \/ Doktora \u00f6\u011frencileri i\u00e7in Kas\u0131rga Mikroi\u015flemciler Laboratuar\u0131 TOBB ET\u00dc\u2019de bulunmaktad\u0131r.. Adres: S\u00f6\u011f\u00fct\u00f6z\u00fc Caddesi No:43, S\u00f6\u011f\u00fct\u00f6z\u00fc, Teknoloji Merkezi, 217 Ankara, 06560 T\u00fcrkiye Telefon: (+90 312) 292 4290 E-posta : info@kasirga.net<\/p>","protected":false},"author":1,"featured_media":0,"parent":0,"menu_order":0,"comment_status":"closed","ping_status":"closed","template":"","meta":{"footnotes":""},"class_list":["post-180","page","type-page","status-publish","hentry","post"],"_links":{"self":[{"href":"http:\/\/www.kasirga.net\/en\/wp-json\/wp\/v2\/pages\/180"}],"collection":[{"href":"http:\/\/www.kasirga.net\/en\/wp-json\/wp\/v2\/pages"}],"about":[{"href":"http:\/\/www.kasirga.net\/en\/wp-json\/wp\/v2\/types\/page"}],"author":[{"embeddable":true,"href":"http:\/\/www.kasirga.net\/en\/wp-json\/wp\/v2\/users\/1"}],"replies":[{"embeddable":true,"href":"http:\/\/www.kasirga.net\/en\/wp-json\/wp\/v2\/comments?post=180"}],"version-history":[{"count":48,"href":"http:\/\/www.kasirga.net\/en\/wp-json\/wp\/v2\/pages\/180\/revisions"}],"predecessor-version":[{"id":1134,"href":"http:\/\/www.kasirga.net\/en\/wp-json\/wp\/v2\/pages\/180\/revisions\/1134"}],"wp:attachment":[{"href":"http:\/\/www.kasirga.net\/en\/wp-json\/wp\/v2\/media?parent=180"}],"curies":[{"name":"wp","href":"https:\/\/api.w.org\/{rel}","templated":true}]}}