{"id":75,"date":"2020-10-25T23:04:01","date_gmt":"2020-10-25T20:04:01","guid":{"rendered":"http:\/\/www.kasirga.net\/?page_id=75"},"modified":"2022-04-06T16:55:34","modified_gmt":"2022-04-06T13:55:34","slug":"tezler","status":"publish","type":"page","link":"http:\/\/www.kasirga.net\/en\/tezler\/","title":{"rendered":"Theses"},"content":{"rendered":"<div id=\"pl-75\"  class=\"panel-layout\" ><div id=\"pg-75-0\"  class=\"panel-grid panel-no-style\" ><div id=\"pgc-75-0-0\"  class=\"panel-grid-cell\" ><div id=\"panel-75-0-0-0\" class=\"so-panel widget widget_text panel-first-child panel-last-child\" data-index=\"0\" ><h3 class=\"widget-title\">Master\u2019s Theses<\/h3>\t\t\t<div class=\"textwidget\"><table>\n<tbody>\n<tr>\n<td width=\"50px\"><a href=\"http:\/\/www.kasirga.net\/wp-content\/uploads\/theses\/2014_Abdullah_Giray_Yaglikci.pdf\"><img loading=\"lazy\" decoding=\"async\" src=\"http:\/\/www.kasirga.net\/wp-content\/uploads\/images\/download.png\" alt=\"Download\" width=\"50\" height=\"50\" align=\"left\" \/><\/a><\/td>\n<td><strong>FPGA Tabanl\u0131 Say\u0131sal Sinyal \u0130\u015fleme Algoritmalar\u0131na \u00d6zelle\u015ftirilmi\u015f Yard\u0131mc\u0131 \u0130\u015flemci Tasar\u0131m\u0131<br \/>\n<\/strong>2014 \u2013 Abdullah Giray Ya\u011fl\u0131k\u00e7\u0131<\/td>\n<\/tr>\n<tr>\n<td width=\"50px\"><a href=\"http:\/\/www.kasirga.net\/wp-content\/uploads\/theses\/2014_Osman_Seckin_Simsek.pdf\"><img loading=\"lazy\" decoding=\"async\" src=\"http:\/\/www.kasirga.net\/wp-content\/uploads\/images\/download.png\" alt=\"Download\" width=\"50\" height=\"50\" align=\"left\" \/><\/a><\/td>\n<td><strong>G\u00f6m\u00fcl\u00fc Grafik \u0130\u015flemcileri \u0130\u00e7in OpenCL Tabanl\u0131 G\u00f6r\u00fcnt\u00fc \u0130\u015fleme K\u00fct\u00fcphanesi Ve \u0130nsan Y\u00fcz\u00fc Tespit Etme Uygulamas\u0131<br \/>\n<\/strong>2014 \u2013 Osman Se\u00e7kin \u015eim\u015fek<\/td>\n<\/tr>\n<tr>\n<td width=\"50px\"><a href=\"http:\/\/www.kasirga.net\/wp-content\/uploads\/theses\/2013_Fahrettin_Koc.pdf\"><img loading=\"lazy\" decoding=\"async\" src=\"http:\/\/www.kasirga.net\/wp-content\/uploads\/images\/download.png\" alt=\"Download\" width=\"50\" height=\"50\" align=\"left\" \/><\/a><\/td>\n<td><strong>Dura\u011fan Enerji Kayb\u0131na Kar\u015f\u0131 Geli\u015ftirilen \u0130\u00e7erik Uyarlamal\u0131 Bit H\u00fccreleri \u0130le \u00d6zg\u00fcn SRAM Tasar\u0131m\u0131: CSRAM<br \/>\n<\/strong>2013 \u2013 Fahrettin Ko\u00e7<\/td>\n<\/tr>\n<tr>\n<td width=\"50px\"><a href=\"http:\/\/www.kasirga.net\/wp-content\/uploads\/theses\/2013_Mehmet_Burak_Aykenar.pdf\"><img loading=\"lazy\" decoding=\"async\" src=\"http:\/\/www.kasirga.net\/wp-content\/uploads\/images\/download.png\" alt=\"Download\" width=\"50\" height=\"50\" align=\"left\" \/><\/a><\/td>\n<td><strong>Mobil Platformlarda FIR Filtre Tasar\u0131m\u0131 \u0130\u00e7in FPGA Ve GPU Uygulamalar\u0131n\u0131n Enerji Ve Ba\u015far\u0131m Analizi<br \/>\n<\/strong>2013 \u2013 Mehmet Burak Aykenar<\/td>\n<\/tr>\n<tr>\n<td width=\"50px\"><a href=\"http:\/\/www.kasirga.net\/wp-content\/uploads\/theses\/2012_Yaman_Cakmakci.pdf\"><img loading=\"lazy\" decoding=\"async\" src=\"http:\/\/www.kasirga.net\/wp-content\/uploads\/images\/download.png\" alt=\"Download\" width=\"50\" height=\"50\" align=\"left\" \/><\/a><\/td>\n<td><strong>Mikroi\u015flemcilerde Sanal Adreslerden Yararlan\u0131larak Ge\u00e7ici Hatalara Kar\u015f\u0131 Koruma Sa\u011flanmas\u0131<br \/>\n<\/strong>2012 \u2013 Yaman \u00c7akmak\u00e7\u0131<\/td>\n<\/tr>\n<tr>\n<td width=\"50px\"><a href=\"http:\/\/www.kasirga.net\/wp-content\/uploads\/theses\/2011_Gorkem_Asilioglu.pdf\"><img loading=\"lazy\" decoding=\"async\" src=\"http:\/\/www.kasirga.net\/wp-content\/uploads\/images\/download.png\" alt=\"Download\" width=\"50\" height=\"50\" align=\"left\" \/><\/a><\/td>\n<td><strong>An Extendable Register Renaming Technique Design<br \/>\n<\/strong>2011 \u2013 G\u00f6rkem A\u015f\u0131l\u0131o\u011flu<\/td>\n<\/tr>\n<tr>\n<td width=\"50px\"><a href=\"http:\/\/www.kasirga.net\/wp-content\/uploads\/theses\/2011_Seckin_Anil_Unlu.pdf\"><img loading=\"lazy\" decoding=\"async\" src=\"http:\/\/www.kasirga.net\/wp-content\/uploads\/images\/download.png\" alt=\"Download\" width=\"50\" height=\"50\" align=\"left\" \/><\/a><\/td>\n<td><strong>A\u011f \u00dczerinden Yava\u015flama Tabanl\u0131 Anomali Tespiti<br \/>\n<\/strong>2011 \u2013 Se\u00e7kin Anil \u00dcnl\u00fc<\/td>\n<\/tr>\n<tr>\n<td width=\"50px\"><a href=\"http:\/\/www.kasirga.net\/wp-content\/uploads\/theses\/2011_Vehbi_Esref_Bayraktar.pdf\"><img loading=\"lazy\" decoding=\"async\" src=\"http:\/\/www.kasirga.net\/wp-content\/uploads\/images\/download.png\" alt=\"Download\" width=\"50\" height=\"50\" align=\"left\" \/><\/a><\/td>\n<td><strong>Etiket Sadele\u015ftirme : Uyand\u0131rma Mant\u0131k Devresindeki Karma\u015f\u0131kl\u0131\u011f\u0131 D\u00fc\u015f\u00fcrerek G\u00fc\u00e7 Kazan\u0131m\u0131<br \/>\n<\/strong>2011 \u2013 Vehbi E\u015fref Bayraktar<\/td>\n<\/tr>\n<tr>\n<td width=\"50px\"><a href=\"http:\/\/www.kasirga.net\/wp-content\/uploads\/theses\/2010_Mehmet_Kayaalp.pdf\"><img loading=\"lazy\" decoding=\"async\" src=\"http:\/\/www.kasirga.net\/wp-content\/uploads\/images\/download.png\" alt=\"Download\" width=\"50\" height=\"50\" align=\"left\" \/><\/a><\/td>\n<td><strong>Yazma\u00e7 \u00d6be\u011fini Ge\u00e7ici Hatalara Kar\u015f\u0131 Korumak \u0130\u00e7in Yerle\u015fik Kar\u015f\u0131la\u015ft\u0131r\u0131c\u0131l\u0131 Sram Bit H\u00fccrelerinin Kullan\u0131lmas\u0131<br \/>\n<\/strong>2010 \u2013 Mehmet Kayaalp<\/td>\n<\/tr>\n<tr>\n<td width=\"50px\"><a href=\"http:\/\/www.kasirga.net\/wp-content\/uploads\/theses\/2010_Muhammet_Hamdi_Yavuz.pdf\"><img loading=\"lazy\" decoding=\"async\" src=\"http:\/\/www.kasirga.net\/wp-content\/uploads\/images\/download.png\" alt=\"Download\" width=\"50\" height=\"50\" align=\"left\" \/><\/a><\/td>\n<td><strong>M\u00fczikle \u015eifreleme \u2013 Veri Gizleme Sistemi Tasar\u0131m\u0131 Ve Ger\u00e7eklenmesi<br \/>\n<\/strong>2010 \u2013 Muhammet Hamdi Yavuz<\/td>\n<\/tr>\n<tr>\n<td width=\"50px\"><a href=\"http:\/\/www.kasirga.net\/wp-content\/uploads\/theses\/2009_Meltem_Ozsoy.pdf\"><img loading=\"lazy\" decoding=\"async\" src=\"http:\/\/www.kasirga.net\/wp-content\/uploads\/images\/download.png\" alt=\"Download\" width=\"50\" height=\"50\" align=\"left\" \/><\/a><\/td>\n<td><strong>Mikroi\u015flemcilerde Yazma\u00e7 \u00d6be\u011finin Enerji Tasarrufu \u0130\u00e7in B\u00f6l\u00fcmlenmesi<br \/>\n<\/strong>2009 \u2013 Meltem \u00d6zsoy<\/td>\n<\/tr>\n<tr>\n<td width=\"50px\"><a href=\"http:\/\/www.kasirga.net\/wp-content\/uploads\/theses\/2009_Yusuf_Onur_Kocberber.pdf\"><img loading=\"lazy\" decoding=\"async\" src=\"http:\/\/www.kasirga.net\/wp-content\/uploads\/images\/download.png\" alt=\"Download\" width=\"50\" height=\"50\" align=\"left\" \/><\/a><\/td>\n<td><strong>\u00c7a\u011fda\u015f Mikroi\u015flemcilerde Veri Saklayan Birimlerin S\u0131zd\u0131rmaya Ba\u011fl\u0131 G\u00fc\u00e7 T\u00fcketiminin Azalt\u0131lmas\u0131<br \/>\n<\/strong>2009 \u2013 Yusuf Onur Ko\u00e7berber<\/td>\n<\/tr>\n<tr>\n<td width=\"50px\"><a href=\"http:\/\/www.kasirga.net\/wp-content\/uploads\/theses\/2009_Yusuf_Osmanlioglu.pdf\"><img loading=\"lazy\" decoding=\"async\" src=\"http:\/\/www.kasirga.net\/wp-content\/uploads\/images\/download.png\" alt=\"Download\" width=\"50\" height=\"50\" align=\"left\" \/><\/a><\/td>\n<td><strong>Y\u00fcz \u0130fadelerinin Duygusal Olarak De\u011fi\u015fikli\u011fe U\u011frat\u0131l\u0131p \u00dc\u00e7 Boyutlu Y\u00fcz Canland\u0131rmas\u0131 \u00dcretilmesi Ve Sistemin \u0130mge E\u015fleme \u0130le Geli\u015ftirilmesi<br \/>\n<\/strong>2009 \u2013 Yusuf Osmanl\u0131o\u011flu<\/td>\n<\/tr>\n<tr>\n<td width=\"50px\"><a href=\"http:\/\/www.kasirga.net\/wp-content\/uploads\/theses\/2007_Gulay_Yalcin.pdf\"><img loading=\"lazy\" decoding=\"async\" src=\"http:\/\/www.kasirga.net\/wp-content\/uploads\/images\/download.png\" alt=\"Download\" width=\"50\" height=\"50\" align=\"left\" \/><\/a><\/td>\n<td><strong>Mikroi\u015flemcilerde Etiket Kar\u015f\u0131la\u015ft\u0131r\u0131c\u0131lar\u0131n\u0131n Kullan\u0131lmas\u0131yla Ge\u00e7ici Hatalar\u0131n Tespiti<br \/>\n<\/strong>2007 \u2013 G\u00fclay Yal\u00e7\u0131n<\/td>\n<\/tr>\n<tr>\n<td width=\"50px\"><a href=\"http:\/\/www.kasirga.net\/wp-content\/uploads\/theses\/2007_Yusuf_Sinan_Hanay.pdf\"><img loading=\"lazy\" decoding=\"async\" src=\"http:\/\/www.kasirga.net\/wp-content\/uploads\/images\/download.png\" alt=\"Download\" width=\"50\" height=\"50\" align=\"left\" \/><\/a><\/td>\n<td><strong>\u0130\u015flemcilerde D\u00fc\u015f\u00fck G\u00fc\u00e7 T\u00fcketimine Y\u00f6nelik Y\u00f6ntemler<br \/>\n<\/strong>2007 \u2013 Yusuf Sinan Hanay<\/td>\n<\/tr>\n<\/tbody>\n<\/table>\n<\/div>\n\t\t<\/div><\/div><\/div><\/div>","protected":false},"excerpt":{"rendered":"<p>FPGA Tabanl\u0131 Say\u0131sal Sinyal \u0130\u015fleme Algoritmalar\u0131na \u00d6zelle\u015ftirilmi\u015f Yard\u0131mc\u0131 \u0130\u015flemci Tasar\u0131m\u0131 2014 \u2013 Abdullah Giray Ya\u011fl\u0131k\u00e7\u0131 G\u00f6m\u00fcl\u00fc Grafik \u0130\u015flemcileri \u0130\u00e7in OpenCL Tabanl\u0131 G\u00f6r\u00fcnt\u00fc \u0130\u015fleme K\u00fct\u00fcphanesi Ve \u0130nsan Y\u00fcz\u00fc Tespit Etme Uygulamas\u0131 2014 \u2013 Osman Se\u00e7kin \u015eim\u015fek Dura\u011fan Enerji Kayb\u0131na Kar\u015f\u0131 Geli\u015ftirilen \u0130\u00e7erik Uyarlamal\u0131 Bit H\u00fccreleri \u0130le \u00d6zg\u00fcn SRAM Tasar\u0131m\u0131: CSRAM 2013 \u2013 Fahrettin Ko\u00e7 Mobil Platformlarda [&hellip;]<\/p>","protected":false},"author":1,"featured_media":0,"parent":0,"menu_order":0,"comment_status":"closed","ping_status":"closed","template":"","meta":{"footnotes":""},"class_list":["post-75","page","type-page","status-publish","hentry","post"],"_links":{"self":[{"href":"http:\/\/www.kasirga.net\/en\/wp-json\/wp\/v2\/pages\/75"}],"collection":[{"href":"http:\/\/www.kasirga.net\/en\/wp-json\/wp\/v2\/pages"}],"about":[{"href":"http:\/\/www.kasirga.net\/en\/wp-json\/wp\/v2\/types\/page"}],"author":[{"embeddable":true,"href":"http:\/\/www.kasirga.net\/en\/wp-json\/wp\/v2\/users\/1"}],"replies":[{"embeddable":true,"href":"http:\/\/www.kasirga.net\/en\/wp-json\/wp\/v2\/comments?post=75"}],"version-history":[{"count":3,"href":"http:\/\/www.kasirga.net\/en\/wp-json\/wp\/v2\/pages\/75\/revisions"}],"predecessor-version":[{"id":727,"href":"http:\/\/www.kasirga.net\/en\/wp-json\/wp\/v2\/pages\/75\/revisions\/727"}],"wp:attachment":[{"href":"http:\/\/www.kasirga.net\/en\/wp-json\/wp\/v2\/media?parent=75"}],"curies":[{"name":"wp","href":"https:\/\/api.w.org\/{rel}","templated":true}]}}