{"id":88,"date":"2020-10-26T11:37:36","date_gmt":"2020-10-26T08:37:36","guid":{"rendered":"http:\/\/www.kasirga.net\/?page_id=88"},"modified":"2025-02-17T20:45:16","modified_gmt":"2025-02-17T17:45:16","slug":"uyeler","status":"publish","type":"page","link":"http:\/\/www.kasirga.net\/en\/uyeler\/","title":{"rendered":"Members"},"content":{"rendered":"<div id=\"pl-88\"  class=\"panel-layout\" ><div id=\"pg-88-0\"  class=\"panel-grid panel-no-style\" ><div id=\"pgc-88-0-0\"  class=\"panel-grid-cell\" ><div id=\"panel-88-0-0-0\" class=\"so-panel widget widget_media_image panel-first-child panel-last-child\" data-index=\"0\" ><h3 class=\"widget-title\">Director<\/h3><img loading=\"lazy\" decoding=\"async\" width=\"300\" height=\"300\" src=\"http:\/\/www.kasirga.net\/wp-content\/uploads\/2020\/10\/resim_2020-10-26_112750.png\" class=\"image wp-image-89  attachment-full size-full\" alt=\"\" style=\"max-width: 100%; height: auto;\" srcset=\"http:\/\/www.kasirga.net\/wp-content\/uploads\/2020\/10\/resim_2020-10-26_112750.png 300w, http:\/\/www.kasirga.net\/wp-content\/uploads\/2020\/10\/resim_2020-10-26_112750-150x150.png 150w\" sizes=\"(max-width: 300px) 100vw, 300px\" \/><\/div><\/div><div id=\"pgc-88-0-1\"  class=\"panel-grid-cell\" ><div id=\"panel-88-0-1-0\" class=\"so-panel widget widget_text panel-first-child panel-last-child\" data-index=\"1\" >\t\t\t<div class=\"textwidget\"><h4><a href=\"http:\/\/oergin.kasirga.net\/\">O\u011fuz Ergin<\/a><\/h4>\n<p class=\"et_pb_member_position\">Prof. Dr.<\/p>\n<p>G\u00fcvenilir ve enerji verimli mimariler ba\u015fta olmak \u00fczere bilgisayar mimarisi alan\u0131n\u0131n b\u00fcy\u00fck bir k\u0131sm\u0131 ile ilgilenmekteyim. Ayn\u0131 zamanda GPGPU ve GPU ile akal\u0131 di\u011fer konular \u00fczerinde de \u00e7al\u0131\u015f\u0131yorum.<\/p>\n<p><strong>Ara\u015ft\u0131rma Alanlar\u0131<\/strong><br \/>\n\u2022 Donan\u0131m H\u0131zland\u0131r\u0131c\u0131lar<br \/>\n\u2022 Ge\u00e7ici Hatalar\u0131 Azaltma<br \/>\n\u2022 Enerji Verimli Bilgisayar Mimarileri<\/p>\n<p><strong>Contact \u00a0<\/strong><a href=\"https:\/\/scholar.google.com\/citations?user=NSuo6qgAAAAJ&amp;hl=tr&amp;oi=ao\"><img loading=\"lazy\" decoding=\"async\" src=\"https:\/\/scholar.google.com\/favicon.ico\" width=\"20\" height=\"20\" \/><\/a>\u00a0 \u00a0<a href=\"https:\/\/youtube.com\/channel\/UC6gOfE_zB5Ya7QZkCZEpMLg\"><img loading=\"lazy\" decoding=\"async\" src=\"https:\/\/www.youtube.com\/s\/desktop\/5ca7430b\/img\/favicon.ico\" width=\"20\" height=\"20\" \/><\/a>\u00a0 \u00a0<a href=\"https:\/\/instagram.com\/prof.dr.oguzergin\/\"><img loading=\"lazy\" decoding=\"async\" src=\"https:\/\/instagram.com\/static\/images\/ico\/favicon-192.png\/68d99ba29cc8.png\" width=\"20\" height=\"20\" \/><\/a> \u00a0\u00a0<a href=\"https:\/\/twitter.com\/oguzergin\"><img loading=\"lazy\" decoding=\"async\" src=\"https:\/\/abs.twimg.com\/favicons\/twitter.2.ico\" width=\"20\" height=\"20\" \/><\/a><\/p>\n<pre>oergin[at]etu.edu.tr<\/pre>\n<\/div>\n\t\t<\/div><\/div><\/div><div id=\"pg-88-1\"  class=\"panel-grid panel-no-style\" ><div id=\"pgc-88-1-0\"  class=\"panel-grid-cell\" ><div id=\"panel-88-1-0-0\" class=\"so-panel widget widget_text panel-first-child panel-last-child\" data-index=\"2\" ><div class=\"panel-widget-style panel-widget-style-for-88-1-0-0\" ><h3 class=\"widget-title\">Tam-Zamanl\u0131 \u00dcyeler<\/h3>\t\t\t<div class=\"textwidget\"><\/div>\n\t\t<\/div><\/div><\/div><\/div><div id=\"pg-88-2\"  class=\"panel-grid panel-no-style\" ><div id=\"pgc-88-2-0\"  class=\"panel-grid-cell\" ><div id=\"panel-88-2-0-0\" class=\"so-panel widget widget_media_image panel-first-child\" data-index=\"3\" ><img loading=\"lazy\" decoding=\"async\" width=\"300\" height=\"300\" src=\"http:\/\/www.kasirga.net\/wp-content\/uploads\/2022\/06\/yahya_can_tugrul-e1655805961866-300x300.jpeg\" class=\"image wp-image-895  attachment-medium size-medium\" alt=\"\" style=\"max-width: 100%; height: auto;\" srcset=\"http:\/\/www.kasirga.net\/wp-content\/uploads\/2022\/06\/yahya_can_tugrul-e1655805961866-300x300.jpeg 300w, http:\/\/www.kasirga.net\/wp-content\/uploads\/2022\/06\/yahya_can_tugrul-e1655805961866-150x150.jpeg 150w, http:\/\/www.kasirga.net\/wp-content\/uploads\/2022\/06\/yahya_can_tugrul-e1655805961866-12x12.jpeg 12w, http:\/\/www.kasirga.net\/wp-content\/uploads\/2022\/06\/yahya_can_tugrul-e1655805961866.jpeg 760w\" sizes=\"(max-width: 300px) 100vw, 300px\" \/><\/div><div id=\"panel-88-2-0-1\" class=\"so-panel widget widget_text panel-last-child\" data-index=\"4\" ><h3 class=\"widget-title\">Yahya Can Tu\u011frul<\/h3>\t\t\t<div class=\"textwidget\"><p>Jedi Master <a href=\"https:\/\/scholar.google.com.tr\/citations?user=1nsXlvAAAAAJ&amp;hl=tr&amp;oi=ao\"><img loading=\"lazy\" decoding=\"async\" src=\"https:\/\/scholar.google.com\/favicon.ico\" width=\"20\" height=\"20\" \/><\/a><\/p>\n<\/div>\n\t\t<\/div><\/div><div id=\"pgc-88-2-1\"  class=\"panel-grid-cell\" ><div id=\"panel-88-2-1-0\" class=\"so-panel widget widget_media_image panel-first-child\" data-index=\"5\" ><img loading=\"lazy\" decoding=\"async\" width=\"300\" height=\"300\" src=\"http:\/\/www.kasirga.net\/wp-content\/uploads\/2024\/10\/61e320aa-69e6-4eba-8076-9a5f16c1b5bf-300x300.jpeg\" class=\"image wp-image-1150  attachment-medium size-medium\" alt=\"\" style=\"max-width: 100%; height: auto;\" srcset=\"http:\/\/www.kasirga.net\/wp-content\/uploads\/2024\/10\/61e320aa-69e6-4eba-8076-9a5f16c1b5bf-300x300.jpeg 300w, http:\/\/www.kasirga.net\/wp-content\/uploads\/2024\/10\/61e320aa-69e6-4eba-8076-9a5f16c1b5bf-150x150.jpeg 150w, http:\/\/www.kasirga.net\/wp-content\/uploads\/2024\/10\/61e320aa-69e6-4eba-8076-9a5f16c1b5bf-768x768.jpeg 768w, http:\/\/www.kasirga.net\/wp-content\/uploads\/2024\/10\/61e320aa-69e6-4eba-8076-9a5f16c1b5bf-12x12.jpeg 12w, http:\/\/www.kasirga.net\/wp-content\/uploads\/2024\/10\/61e320aa-69e6-4eba-8076-9a5f16c1b5bf.jpeg 900w\" sizes=\"(max-width: 300px) 100vw, 300px\" \/><\/div><div id=\"panel-88-2-1-1\" class=\"so-panel widget widget_text panel-last-child\" data-index=\"6\" ><h3 class=\"widget-title\">O\u011fuzhan Canpolat<\/h3>\t\t\t<div class=\"textwidget\"><p>Y\u00fcksek Lisans <a href=\"https:\/\/scholar.google.com.tr\/citations?user=P_CkB5sAAAAJ&amp;hl=tr&amp;oi=ao\"><img loading=\"lazy\" decoding=\"async\" src=\"https:\/\/scholar.google.com\/favicon.ico\" width=\"20\" height=\"20\" \/><\/a><\/p>\n<\/div>\n\t\t<\/div><\/div><div id=\"pgc-88-2-2\"  class=\"panel-grid-cell\" ><div id=\"panel-88-2-2-0\" class=\"so-panel widget widget_media_image panel-first-child\" data-index=\"7\" ><img loading=\"lazy\" decoding=\"async\" width=\"300\" height=\"300\" src=\"http:\/\/www.kasirga.net\/wp-content\/uploads\/2022\/03\/sevval-izmirli-e1648553463531-300x300.jpeg\" class=\"image wp-image-489  attachment-medium size-medium\" alt=\"\" style=\"max-width: 100%; height: auto;\" srcset=\"http:\/\/www.kasirga.net\/wp-content\/uploads\/2022\/03\/sevval-izmirli-e1648553463531-300x300.jpeg 300w, http:\/\/www.kasirga.net\/wp-content\/uploads\/2022\/03\/sevval-izmirli-e1648553463531-150x150.jpeg 150w, http:\/\/www.kasirga.net\/wp-content\/uploads\/2022\/03\/sevval-izmirli-e1648553463531-12x12.jpeg 12w, http:\/\/www.kasirga.net\/wp-content\/uploads\/2022\/03\/sevval-izmirli-e1648553463531.jpeg 768w\" sizes=\"(max-width: 300px) 100vw, 300px\" \/><\/div><div id=\"panel-88-2-2-1\" class=\"so-panel widget widget_text panel-last-child\" data-index=\"8\" ><h3 class=\"widget-title\">\u015eevval \u0130zmirli<\/h3>\t\t\t<div class=\"textwidget\"><p>Y\u00fcksek Lisans<\/p>\n<\/div>\n\t\t<\/div><\/div><\/div><div id=\"pg-88-3\"  class=\"panel-grid panel-no-style\" ><div id=\"pgc-88-3-0\"  class=\"panel-grid-cell\" ><div id=\"panel-88-3-0-0\" class=\"so-panel widget widget_media_image panel-first-child\" data-index=\"9\" ><img loading=\"lazy\" decoding=\"async\" width=\"300\" height=\"300\" src=\"http:\/\/www.kasirga.net\/wp-content\/uploads\/2022\/07\/SeyyidHikmetCelik-e1658695706499-300x300.jpg\" class=\"image wp-image-934  attachment-medium size-medium\" alt=\"\" style=\"max-width: 100%; height: auto;\" srcset=\"http:\/\/www.kasirga.net\/wp-content\/uploads\/2022\/07\/SeyyidHikmetCelik-e1658695706499-300x300.jpg 300w, http:\/\/www.kasirga.net\/wp-content\/uploads\/2022\/07\/SeyyidHikmetCelik-e1658695706499-1024x1024.jpg 1024w, http:\/\/www.kasirga.net\/wp-content\/uploads\/2022\/07\/SeyyidHikmetCelik-e1658695706499-150x150.jpg 150w, http:\/\/www.kasirga.net\/wp-content\/uploads\/2022\/07\/SeyyidHikmetCelik-e1658695706499-768x767.jpg 768w, http:\/\/www.kasirga.net\/wp-content\/uploads\/2022\/07\/SeyyidHikmetCelik-e1658695706499-1536x1534.jpg 1536w, http:\/\/www.kasirga.net\/wp-content\/uploads\/2022\/07\/SeyyidHikmetCelik-e1658695706499-12x12.jpg 12w, http:\/\/www.kasirga.net\/wp-content\/uploads\/2022\/07\/SeyyidHikmetCelik-e1658695706499.jpg 1930w\" sizes=\"(max-width: 300px) 100vw, 300px\" \/><\/div><div id=\"panel-88-3-0-1\" class=\"so-panel widget widget_text panel-last-child\" data-index=\"10\" ><h3 class=\"widget-title\">Seyyid Hikmet \u00c7elik<\/h3>\t\t\t<div class=\"textwidget\"><p>Y\u00fcksek Lisans <a href=\"https:\/\/scholar.google.com\/citations?user=NHVwkpUAAAAJ\"><img loading=\"lazy\" decoding=\"async\" src=\"https:\/\/scholar.google.com\/favicon.ico\" width=\"20\" height=\"20\" \/><\/a><\/p>\n<\/div>\n\t\t<\/div><\/div><div id=\"pgc-88-3-1\"  class=\"panel-grid-cell\" ><div id=\"panel-88-3-1-0\" class=\"so-panel widget widget_media_image panel-first-child\" data-index=\"11\" ><img loading=\"lazy\" decoding=\"async\" width=\"300\" height=\"300\" src=\"http:\/\/www.kasirga.net\/wp-content\/uploads\/2024\/01\/WhatsApp-Image-2024-01-26-at-17.24.10-e1715596643378-300x300.jpeg\" class=\"image wp-image-1003  attachment-medium size-medium\" alt=\"\" style=\"max-width: 100%; height: auto;\" srcset=\"http:\/\/www.kasirga.net\/wp-content\/uploads\/2024\/01\/WhatsApp-Image-2024-01-26-at-17.24.10-e1715596643378-300x300.jpeg 300w, http:\/\/www.kasirga.net\/wp-content\/uploads\/2024\/01\/WhatsApp-Image-2024-01-26-at-17.24.10-e1715596643378-1024x1024.jpeg 1024w, http:\/\/www.kasirga.net\/wp-content\/uploads\/2024\/01\/WhatsApp-Image-2024-01-26-at-17.24.10-e1715596643378-150x150.jpeg 150w, http:\/\/www.kasirga.net\/wp-content\/uploads\/2024\/01\/WhatsApp-Image-2024-01-26-at-17.24.10-e1715596643378-768x768.jpeg 768w, http:\/\/www.kasirga.net\/wp-content\/uploads\/2024\/01\/WhatsApp-Image-2024-01-26-at-17.24.10-e1715596643378-12x12.jpeg 12w, http:\/\/www.kasirga.net\/wp-content\/uploads\/2024\/01\/WhatsApp-Image-2024-01-26-at-17.24.10-e1715596643378.jpeg 1395w\" sizes=\"(max-width: 300px) 100vw, 300px\" \/><\/div><div id=\"panel-88-3-1-1\" class=\"so-panel widget widget_text panel-last-child\" data-index=\"12\" ><h3 class=\"widget-title\">Kerem Yal\u00e7\u0131nkaya<\/h3>\t\t\t<div class=\"textwidget\"><p>Y\u00fcksek Lisans<\/p>\n<\/div>\n\t\t<\/div><\/div><div id=\"pgc-88-3-2\"  class=\"panel-grid-cell\" ><div id=\"panel-88-3-2-0\" class=\"so-panel widget widget_media_image panel-first-child\" data-index=\"13\" ><img loading=\"lazy\" decoding=\"async\" width=\"300\" height=\"300\" src=\"http:\/\/www.kasirga.net\/wp-content\/uploads\/2024\/09\/caner_coban-300x300.jpeg\" class=\"image wp-image-1142  attachment-medium size-medium\" alt=\"\" style=\"max-width: 100%; height: auto;\" srcset=\"http:\/\/www.kasirga.net\/wp-content\/uploads\/2024\/09\/caner_coban-300x300.jpeg 300w, http:\/\/www.kasirga.net\/wp-content\/uploads\/2024\/09\/caner_coban-150x150.jpeg 150w, http:\/\/www.kasirga.net\/wp-content\/uploads\/2024\/09\/caner_coban-12x12.jpeg 12w, http:\/\/www.kasirga.net\/wp-content\/uploads\/2024\/09\/caner_coban.jpeg 493w\" sizes=\"(max-width: 300px) 100vw, 300px\" \/><\/div><div id=\"panel-88-3-2-1\" class=\"so-panel widget widget_text panel-last-child\" data-index=\"14\" ><h3 class=\"widget-title\">Caner \u00c7oban<\/h3>\t\t\t<div class=\"textwidget\"><p>Y\u00fcksek Lisans<\/p>\n<\/div>\n\t\t<\/div><\/div><\/div><div id=\"pg-88-4\"  class=\"panel-grid panel-no-style\" ><div id=\"pgc-88-4-0\"  class=\"panel-grid-cell\" ><div id=\"panel-88-4-0-0\" class=\"so-panel widget widget_media_image panel-first-child\" data-index=\"15\" ><img loading=\"lazy\" decoding=\"async\" width=\"300\" height=\"300\" src=\"http:\/\/www.kasirga.net\/wp-content\/uploads\/2024\/10\/ehdemirli-300x300.png\" class=\"image wp-image-1159  attachment-medium size-medium\" alt=\"\" style=\"max-width: 100%; height: auto;\" srcset=\"http:\/\/www.kasirga.net\/wp-content\/uploads\/2024\/10\/ehdemirli-300x300.png 300w, http:\/\/www.kasirga.net\/wp-content\/uploads\/2024\/10\/ehdemirli-150x150.png 150w, http:\/\/www.kasirga.net\/wp-content\/uploads\/2024\/10\/ehdemirli-12x12.png 12w, http:\/\/www.kasirga.net\/wp-content\/uploads\/2024\/10\/ehdemirli.png 450w\" sizes=\"(max-width: 300px) 100vw, 300px\" \/><\/div><div id=\"panel-88-4-0-1\" class=\"so-panel widget widget_text panel-last-child\" data-index=\"16\" ><h3 class=\"widget-title\">Emre Hakan Demirli<\/h3>\t\t\t<div class=\"textwidget\"><p>Y\u00fcksek Lisans<\/p>\n<\/div>\n\t\t<\/div><\/div><div id=\"pgc-88-4-1\"  class=\"panel-grid-cell panel-grid-cell-mobile-last\" ><div id=\"panel-88-4-1-0\" class=\"so-panel widget widget_media_image panel-first-child\" data-index=\"17\" ><img loading=\"lazy\" decoding=\"async\" width=\"300\" height=\"300\" src=\"http:\/\/www.kasirga.net\/wp-content\/uploads\/2024\/05\/WhatsApp-Image-2024-05-16-at-14.00.08_08f4d1ff-e1715857686257-300x300.jpg\" class=\"image wp-image-1101  attachment-medium size-medium\" alt=\"\" style=\"max-width: 100%; height: auto;\" srcset=\"http:\/\/www.kasirga.net\/wp-content\/uploads\/2024\/05\/WhatsApp-Image-2024-05-16-at-14.00.08_08f4d1ff-e1715857686257-300x300.jpg 300w, http:\/\/www.kasirga.net\/wp-content\/uploads\/2024\/05\/WhatsApp-Image-2024-05-16-at-14.00.08_08f4d1ff-e1715857686257-1024x1024.jpg 1024w, http:\/\/www.kasirga.net\/wp-content\/uploads\/2024\/05\/WhatsApp-Image-2024-05-16-at-14.00.08_08f4d1ff-e1715857686257-150x150.jpg 150w, http:\/\/www.kasirga.net\/wp-content\/uploads\/2024\/05\/WhatsApp-Image-2024-05-16-at-14.00.08_08f4d1ff-e1715857686257-768x768.jpg 768w, http:\/\/www.kasirga.net\/wp-content\/uploads\/2024\/05\/WhatsApp-Image-2024-05-16-at-14.00.08_08f4d1ff-e1715857686257-12x12.jpg 12w, http:\/\/www.kasirga.net\/wp-content\/uploads\/2024\/05\/WhatsApp-Image-2024-05-16-at-14.00.08_08f4d1ff-e1715857686257.jpg 1200w\" sizes=\"(max-width: 300px) 100vw, 300px\" \/><\/div><div id=\"panel-88-4-1-1\" class=\"so-panel widget widget_text panel-last-child\" data-index=\"18\" ><h3 class=\"widget-title\">Umut Ba\u015fer<\/h3>\t\t\t<div class=\"textwidget\"><p>Y\u00fcksek Lisans<\/p>\n<\/div>\n\t\t<\/div><\/div><div id=\"pgc-88-4-2\"  class=\"panel-grid-cell panel-grid-cell-empty\" ><\/div><\/div><div id=\"pg-88-5\"  class=\"panel-grid panel-no-style\" ><div id=\"pgc-88-5-0\"  class=\"panel-grid-cell\" ><div id=\"panel-88-5-0-0\" class=\"so-panel widget widget_media_image panel-first-child\" data-index=\"19\" ><img loading=\"lazy\" decoding=\"async\" width=\"300\" height=\"300\" src=\"http:\/\/www.kasirga.net\/wp-content\/uploads\/2024\/05\/IMG_6947-1-scaled-e1715332647482-300x300.jpg\" class=\"image wp-image-1069  attachment-medium size-medium\" alt=\"\" style=\"max-width: 100%; height: auto;\" srcset=\"http:\/\/www.kasirga.net\/wp-content\/uploads\/2024\/05\/IMG_6947-1-scaled-e1715332647482-300x300.jpg 300w, http:\/\/www.kasirga.net\/wp-content\/uploads\/2024\/05\/IMG_6947-1-scaled-e1715332647482-1024x1024.jpg 1024w, http:\/\/www.kasirga.net\/wp-content\/uploads\/2024\/05\/IMG_6947-1-scaled-e1715332647482-150x150.jpg 150w, http:\/\/www.kasirga.net\/wp-content\/uploads\/2024\/05\/IMG_6947-1-scaled-e1715332647482-768x768.jpg 768w, http:\/\/www.kasirga.net\/wp-content\/uploads\/2024\/05\/IMG_6947-1-scaled-e1715332647482-1536x1536.jpg 1536w, http:\/\/www.kasirga.net\/wp-content\/uploads\/2024\/05\/IMG_6947-1-scaled-e1715332647482-2048x2048.jpg 2048w, http:\/\/www.kasirga.net\/wp-content\/uploads\/2024\/05\/IMG_6947-1-scaled-e1715332647482-12x12.jpg 12w\" sizes=\"(max-width: 300px) 100vw, 300px\" \/><\/div><div id=\"panel-88-5-0-1\" class=\"so-panel widget widget_text panel-last-child\" data-index=\"20\" ><h3 class=\"widget-title\">\u015eevval Neva Varol<\/h3>\t\t\t<div class=\"textwidget\"><p>Lisans<\/p>\n<\/div>\n\t\t<\/div><\/div><div id=\"pgc-88-5-1\"  class=\"panel-grid-cell\" ><div id=\"panel-88-5-1-0\" class=\"so-panel widget widget_media_image panel-first-child\" data-index=\"21\" ><img loading=\"lazy\" decoding=\"async\" width=\"300\" height=\"300\" src=\"http:\/\/www.kasirga.net\/wp-content\/uploads\/2024\/05\/yusf-300x300.jpg\" class=\"image wp-image-1074  attachment-medium size-medium\" alt=\"\" style=\"max-width: 100%; height: auto;\" srcset=\"http:\/\/www.kasirga.net\/wp-content\/uploads\/2024\/05\/yusf-300x300.jpg 300w, http:\/\/www.kasirga.net\/wp-content\/uploads\/2024\/05\/yusf-150x150.jpg 150w, http:\/\/www.kasirga.net\/wp-content\/uploads\/2024\/05\/yusf-12x12.jpg 12w, http:\/\/www.kasirga.net\/wp-content\/uploads\/2024\/05\/yusf.jpg 600w\" sizes=\"(max-width: 300px) 100vw, 300px\" \/><\/div><div id=\"panel-88-5-1-1\" class=\"so-panel widget widget_text panel-last-child\" data-index=\"22\" ><h3 class=\"widget-title\">Yusuf Ayd\u0131n<\/h3>\t\t\t<div class=\"textwidget\"><p>Lisans<\/p>\n<\/div>\n\t\t<\/div><\/div><div id=\"pgc-88-5-2\"  class=\"panel-grid-cell\" ><div id=\"panel-88-5-2-0\" class=\"so-panel widget widget_media_image panel-first-child\" data-index=\"23\" ><img loading=\"lazy\" decoding=\"async\" width=\"300\" height=\"300\" src=\"http:\/\/www.kasirga.net\/wp-content\/uploads\/2024\/05\/IMG-20240517-WA0007-scaled-e1716191217866-300x300.jpg\" class=\"image wp-image-1109  attachment-medium size-medium\" alt=\"\" style=\"max-width: 100%; height: auto;\" srcset=\"http:\/\/www.kasirga.net\/wp-content\/uploads\/2024\/05\/IMG-20240517-WA0007-scaled-e1716191217866-300x300.jpg 300w, http:\/\/www.kasirga.net\/wp-content\/uploads\/2024\/05\/IMG-20240517-WA0007-scaled-e1716191217866-1024x1024.jpg 1024w, http:\/\/www.kasirga.net\/wp-content\/uploads\/2024\/05\/IMG-20240517-WA0007-scaled-e1716191217866-150x150.jpg 150w, http:\/\/www.kasirga.net\/wp-content\/uploads\/2024\/05\/IMG-20240517-WA0007-scaled-e1716191217866-768x768.jpg 768w, http:\/\/www.kasirga.net\/wp-content\/uploads\/2024\/05\/IMG-20240517-WA0007-scaled-e1716191217866-1536x1536.jpg 1536w, http:\/\/www.kasirga.net\/wp-content\/uploads\/2024\/05\/IMG-20240517-WA0007-scaled-e1716191217866-12x12.jpg 12w, http:\/\/www.kasirga.net\/wp-content\/uploads\/2024\/05\/IMG-20240517-WA0007-scaled-e1716191217866.jpg 1920w\" sizes=\"(max-width: 300px) 100vw, 300px\" \/><\/div><div id=\"panel-88-5-2-1\" class=\"so-panel widget widget_text panel-last-child\" data-index=\"24\" ><h3 class=\"widget-title\">Orhun Ecemi\u015f<\/h3>\t\t\t<div class=\"textwidget\"><p>Lisans<\/p>\n<\/div>\n\t\t<\/div><\/div><\/div><div id=\"pg-88-6\"  class=\"panel-grid panel-no-style\" ><div id=\"pgc-88-6-0\"  class=\"panel-grid-cell\" ><div id=\"panel-88-6-0-0\" class=\"so-panel widget widget_media_image panel-first-child\" data-index=\"25\" ><img loading=\"lazy\" decoding=\"async\" width=\"300\" height=\"300\" src=\"http:\/\/www.kasirga.net\/wp-content\/uploads\/2024\/05\/betulaydeger-e1715331953304-300x300.jpg\" class=\"image wp-image-1062  attachment-medium size-medium\" alt=\"\" style=\"max-width: 100%; height: auto;\" srcset=\"http:\/\/www.kasirga.net\/wp-content\/uploads\/2024\/05\/betulaydeger-e1715331953304-300x300.jpg 300w, http:\/\/www.kasirga.net\/wp-content\/uploads\/2024\/05\/betulaydeger-e1715331953304-1024x1024.jpg 1024w, http:\/\/www.kasirga.net\/wp-content\/uploads\/2024\/05\/betulaydeger-e1715331953304-150x150.jpg 150w, http:\/\/www.kasirga.net\/wp-content\/uploads\/2024\/05\/betulaydeger-e1715331953304-768x768.jpg 768w, http:\/\/www.kasirga.net\/wp-content\/uploads\/2024\/05\/betulaydeger-e1715331953304.jpg 1536w, http:\/\/www.kasirga.net\/wp-content\/uploads\/2024\/05\/betulaydeger-e1715331953304-12x12.jpg 12w\" sizes=\"(max-width: 300px) 100vw, 300px\" \/><\/div><div id=\"panel-88-6-0-1\" class=\"so-panel widget widget_text panel-last-child\" data-index=\"26\" ><h3 class=\"widget-title\">Bet\u00fcl Ayde\u011fer<\/h3>\t\t\t<div class=\"textwidget\"><p>Lisans<\/p>\n<\/div>\n\t\t<\/div><\/div><div id=\"pgc-88-6-1\"  class=\"panel-grid-cell\" ><div id=\"panel-88-6-1-0\" class=\"so-panel widget widget_media_image panel-first-child\" data-index=\"27\" ><img loading=\"lazy\" decoding=\"async\" width=\"300\" height=\"300\" src=\"http:\/\/www.kasirga.net\/wp-content\/uploads\/2025\/02\/20250216_154744-300x300.jpg\" class=\"image wp-image-1164  attachment-medium size-medium\" alt=\"\" style=\"max-width: 100%; height: auto;\" srcset=\"http:\/\/www.kasirga.net\/wp-content\/uploads\/2025\/02\/20250216_154744-300x300.jpg 300w, http:\/\/www.kasirga.net\/wp-content\/uploads\/2025\/02\/20250216_154744-1024x1024.jpg 1024w, http:\/\/www.kasirga.net\/wp-content\/uploads\/2025\/02\/20250216_154744-150x150.jpg 150w, http:\/\/www.kasirga.net\/wp-content\/uploads\/2025\/02\/20250216_154744-768x768.jpg 768w, http:\/\/www.kasirga.net\/wp-content\/uploads\/2025\/02\/20250216_154744-1536x1536.jpg 1536w, http:\/\/www.kasirga.net\/wp-content\/uploads\/2025\/02\/20250216_154744-2048x2048.jpg 2048w, http:\/\/www.kasirga.net\/wp-content\/uploads\/2025\/02\/20250216_154744-12x12.jpg 12w\" sizes=\"(max-width: 300px) 100vw, 300px\" \/><\/div><div id=\"panel-88-6-1-1\" class=\"so-panel widget widget_text panel-last-child\" data-index=\"28\" ><h3 class=\"widget-title\">Zeynep Yavuz<\/h3>\t\t\t<div class=\"textwidget\"><p>Lisans<\/p>\n<\/div>\n\t\t<\/div><\/div><div id=\"pgc-88-6-2\"  class=\"panel-grid-cell\" ><div id=\"panel-88-6-2-0\" class=\"so-panel widget widget_media_image panel-first-child\" data-index=\"29\" ><img loading=\"lazy\" decoding=\"async\" width=\"300\" height=\"300\" src=\"http:\/\/www.kasirga.net\/wp-content\/uploads\/2024\/05\/fotograf-e1715331777630-300x300.jpg\" class=\"image wp-image-1077  attachment-medium size-medium\" alt=\"\" style=\"max-width: 100%; height: auto;\" srcset=\"http:\/\/www.kasirga.net\/wp-content\/uploads\/2024\/05\/fotograf-e1715331777630-300x300.jpg 300w, http:\/\/www.kasirga.net\/wp-content\/uploads\/2024\/05\/fotograf-e1715331777630-1022x1024.jpg 1022w, http:\/\/www.kasirga.net\/wp-content\/uploads\/2024\/05\/fotograf-e1715331777630-150x150.jpg 150w, http:\/\/www.kasirga.net\/wp-content\/uploads\/2024\/05\/fotograf-e1715331777630-768x769.jpg 768w, http:\/\/www.kasirga.net\/wp-content\/uploads\/2024\/05\/fotograf-e1715331777630-12x12.jpg 12w, http:\/\/www.kasirga.net\/wp-content\/uploads\/2024\/05\/fotograf-e1715331777630.jpg 1202w\" sizes=\"(max-width: 300px) 100vw, 300px\" \/><\/div><div id=\"panel-88-6-2-1\" class=\"so-panel widget widget_text panel-last-child\" data-index=\"30\" ><h3 class=\"widget-title\">S. Sena Filiz<\/h3>\t\t\t<div class=\"textwidget\"><p>Lisans<\/p>\n<\/div>\n\t\t<\/div><\/div><\/div><div id=\"pg-88-7\"  class=\"panel-grid panel-no-style\" ><div id=\"pgc-88-7-0\"  class=\"panel-grid-cell\" ><div id=\"panel-88-7-0-0\" class=\"so-panel widget widget_media_image panel-first-child\" data-index=\"31\" ><img loading=\"lazy\" decoding=\"async\" width=\"300\" height=\"300\" src=\"http:\/\/www.kasirga.net\/wp-content\/uploads\/2024\/05\/WhatsApp-Gorsel-2024-01-24-saat-20.49.51_ebdb5594-e1715332215146-300x300.jpg\" class=\"image wp-image-1065  attachment-medium size-medium\" alt=\"\" style=\"max-width: 100%; height: auto;\" srcset=\"http:\/\/www.kasirga.net\/wp-content\/uploads\/2024\/05\/WhatsApp-Gorsel-2024-01-24-saat-20.49.51_ebdb5594-e1715332215146-300x300.jpg 300w, http:\/\/www.kasirga.net\/wp-content\/uploads\/2024\/05\/WhatsApp-Gorsel-2024-01-24-saat-20.49.51_ebdb5594-e1715332215146-1024x1024.jpg 1024w, http:\/\/www.kasirga.net\/wp-content\/uploads\/2024\/05\/WhatsApp-Gorsel-2024-01-24-saat-20.49.51_ebdb5594-e1715332215146-150x150.jpg 150w, http:\/\/www.kasirga.net\/wp-content\/uploads\/2024\/05\/WhatsApp-Gorsel-2024-01-24-saat-20.49.51_ebdb5594-e1715332215146-768x768.jpg 768w, http:\/\/www.kasirga.net\/wp-content\/uploads\/2024\/05\/WhatsApp-Gorsel-2024-01-24-saat-20.49.51_ebdb5594-e1715332215146-12x12.jpg 12w, http:\/\/www.kasirga.net\/wp-content\/uploads\/2024\/05\/WhatsApp-Gorsel-2024-01-24-saat-20.49.51_ebdb5594-e1715332215146.jpg 1200w\" sizes=\"(max-width: 300px) 100vw, 300px\" \/><\/div><div id=\"panel-88-7-0-1\" class=\"so-panel widget widget_text panel-last-child\" data-index=\"32\" ><h3 class=\"widget-title\">Oru\u00e7 \u00c7ak\u0131r<\/h3>\t\t\t<div class=\"textwidget\"><p>Lisans<\/p>\n<\/div>\n\t\t<\/div><\/div><div id=\"pgc-88-7-1\"  class=\"panel-grid-cell panel-grid-cell-empty panel-grid-cell-mobile-last\" ><\/div><div id=\"pgc-88-7-2\"  class=\"panel-grid-cell panel-grid-cell-empty\" ><\/div><\/div><div id=\"pg-88-8\"  class=\"panel-grid panel-no-style\" ><div id=\"pgc-88-8-0\"  class=\"panel-grid-cell panel-grid-cell-empty panel-grid-cell-mobile-last\" ><\/div><div id=\"pgc-88-8-1\"  class=\"panel-grid-cell panel-grid-cell-empty\" ><\/div><\/div><div id=\"pg-88-9\"  class=\"panel-grid panel-no-style\" ><div id=\"pgc-88-9-0\"  class=\"panel-grid-cell panel-grid-cell-empty\" ><\/div><\/div><\/div>","protected":false},"excerpt":{"rendered":"<p>O\u011fuz Ergin Prof. Dr. G\u00fcvenilir ve enerji verimli mimariler ba\u015fta olmak \u00fczere bilgisayar mimarisi alan\u0131n\u0131n b\u00fcy\u00fck bir k\u0131sm\u0131 ile ilgilenmekteyim. Ayn\u0131 zamanda GPGPU ve GPU ile akal\u0131 di\u011fer konular \u00fczerinde de \u00e7al\u0131\u015f\u0131yorum. Ara\u015ft\u0131rma Alanlar\u0131 \u2022 Donan\u0131m H\u0131zland\u0131r\u0131c\u0131lar \u2022 Ge\u00e7ici Hatalar\u0131 Azaltma \u2022 Enerji Verimli Bilgisayar Mimarileri \u0130leti\u015fim \u00a0\u00a0 \u00a0\u00a0 \u00a0 \u00a0\u00a0 oergin[at]etu.edu.tr<\/p>","protected":false},"author":1,"featured_media":0,"parent":0,"menu_order":0,"comment_status":"closed","ping_status":"closed","template":"","meta":{"footnotes":""},"class_list":["post-88","page","type-page","status-publish","hentry","post"],"_links":{"self":[{"href":"http:\/\/www.kasirga.net\/en\/wp-json\/wp\/v2\/pages\/88"}],"collection":[{"href":"http:\/\/www.kasirga.net\/en\/wp-json\/wp\/v2\/pages"}],"about":[{"href":"http:\/\/www.kasirga.net\/en\/wp-json\/wp\/v2\/types\/page"}],"author":[{"embeddable":true,"href":"http:\/\/www.kasirga.net\/en\/wp-json\/wp\/v2\/users\/1"}],"replies":[{"embeddable":true,"href":"http:\/\/www.kasirga.net\/en\/wp-json\/wp\/v2\/comments?post=88"}],"version-history":[{"count":234,"href":"http:\/\/www.kasirga.net\/en\/wp-json\/wp\/v2\/pages\/88\/revisions"}],"predecessor-version":[{"id":1129,"href":"http:\/\/www.kasirga.net\/en\/wp-json\/wp\/v2\/pages\/88\/revisions\/1129"}],"wp:attachment":[{"href":"http:\/\/www.kasirga.net\/en\/wp-json\/wp\/v2\/media?parent=88"}],"curies":[{"name":"wp","href":"https:\/\/api.w.org\/{rel}","templated":true}]}}